{"id":581,"date":"2024-01-05T22:25:12","date_gmt":"2024-01-06T01:25:12","guid":{"rendered":"http:\/\/davidmartinsoficial.com.br\/?page_id=581"},"modified":"2024-01-05T22:45:00","modified_gmt":"2024-01-06T01:45:00","slug":"blog","status":"publish","type":"page","link":"https:\/\/davidmartinsoficial.com.br\/index.php\/blog\/","title":{"rendered":"Blog"},"content":{"rendered":"\t\t<div data-elementor-type=\"wp-page\" data-elementor-id=\"581\" class=\"elementor elementor-581\">\n\t\t\t\t\t\t\t\t\t<section class=\"elementor-section elementor-top-section elementor-element elementor-element-d5bc055 elementor-section-boxed elementor-section-height-default elementor-section-height-default tf-sticky-section tf-sticky-no wpr-particle-no wpr-jarallax-no wpr-parallax-no wpr-sticky-section-no\" data-id=\"d5bc055\" data-element_type=\"section\" data-settings=\"{&quot;tf_sticky&quot;:&quot;no&quot;}\">\n\t\t\t\t\t\t<div class=\"elementor-container elementor-column-gap-default\">\n\t\t\t\t\t<div class=\"elementor-column elementor-col-100 elementor-top-column elementor-element elementor-element-5c27d06\" data-id=\"5c27d06\" data-element_type=\"column\" data-settings=\"{&quot;background_background&quot;:&quot;classic&quot;}\">\n\t\t\t<div class=\"elementor-widget-wrap elementor-element-populated\">\n\t\t\t\t\t\t\t\t<div class=\"elementor-element elementor-element-81aa562 elementor-widget elementor-widget-heading\" data-id=\"81aa562\" data-element_type=\"widget\" data-widget_type=\"heading.default\">\n\t\t\t\t<div class=\"elementor-widget-container\">\n\t\t\t<style>\/*! elementor - v3.15.0 - 09-08-2023 *\/\n.elementor-heading-title{padding:0;margin:0;line-height:1}.elementor-widget-heading .elementor-heading-title[class*=elementor-size-]>a{color:inherit;font-size:inherit;line-height:inherit}.elementor-widget-heading .elementor-heading-title.elementor-size-small{font-size:15px}.elementor-widget-heading .elementor-heading-title.elementor-size-medium{font-size:19px}.elementor-widget-heading .elementor-heading-title.elementor-size-large{font-size:29px}.elementor-widget-heading .elementor-heading-title.elementor-size-xl{font-size:39px}.elementor-widget-heading .elementor-heading-title.elementor-size-xxl{font-size:59px}<\/style><h2 class=\"elementor-heading-title elementor-size-default\">Blog<\/h2>\t\t<\/div>\n\t\t\t\t<\/div>\n\t\t\t\t<div class=\"elementor-element elementor-element-9e5efbf elementor-widget elementor-widget-blogmentor_blog_posts\" data-id=\"9e5efbf\" data-element_type=\"widget\" data-widget_type=\"blogmentor_blog_posts.default\">\n\t\t\t\t<div class=\"elementor-widget-container\">\n\t\t\t\t\t\n\t\t\t\t<script>\n\tjQuery(function($) {\n    \/\/ init Masonry\n    var $grid = $('.bm-masonry-grid').masonry({\n        \/\/ options\n        itemSelector: '.bm-masonry-item',\n       \n    });\n    \/\/ layout Masonry after each image loads\n    $grid.imagesLoaded().progress( function() {\n        $grid.masonry('layout');\n    });\n});\n<\/script>\n\n<div class=\"bm-masonry-style-1\">\n\t<div class=\"bm-masonry-grid\">\n\t\t\t\t<div class=\"bm-masonry-item bm_content_box\">\n\t\t\t\t<div class=\"bm-post-image clearfix bm-hover-effect\">\n\t\t\t\t<img loading=\"lazy\" decoding=\"async\" width=\"800\" height=\"585\" src=\"https:\/\/davidmartinsoficial.com.br\/wp-content\/uploads\/2024\/01\/WhatsApp-Image-2024-01-06-at-01.47.41-1024x749.jpeg\" class=\"attachment-large size-large wp-post-image\" alt=\"\" srcset=\"https:\/\/davidmartinsoficial.com.br\/wp-content\/uploads\/2024\/01\/WhatsApp-Image-2024-01-06-at-01.47.41-1024x749.jpeg 1024w, https:\/\/davidmartinsoficial.com.br\/wp-content\/uploads\/2024\/01\/WhatsApp-Image-2024-01-06-at-01.47.41-300x219.jpeg 300w, https:\/\/davidmartinsoficial.com.br\/wp-content\/uploads\/2024\/01\/WhatsApp-Image-2024-01-06-at-01.47.41-768x562.jpeg 768w, https:\/\/davidmartinsoficial.com.br\/wp-content\/uploads\/2024\/01\/WhatsApp-Image-2024-01-06-at-01.47.41-1536x1123.jpeg 1536w, https:\/\/davidmartinsoficial.com.br\/wp-content\/uploads\/2024\/01\/WhatsApp-Image-2024-01-06-at-01.47.41.jpeg 1600w\" sizes=\"(max-width: 800px) 100vw, 800px\" \/>\t\t\t\t<\/div>\n\t\t\t\t\t\t\t\t<div class=\"bm-masonry-wrapper\">\n\t\t\t\t\t<div class=\"bm-masonry-title\">\n\t\t\t\t\t<h4 class=\"bm_title\"><a href=\"https:\/\/davidmartinsoficial.com.br\/index.php\/2024\/01\/06\/destinei-r-63\/\" rel=\"bookmark\">Destinei mais de R$ 63 mil para o CAECA\/CAEF<\/a><\/h4>\t\t\t\t\t<\/div>\n\t\t\t\t\t<div class=\"bm-masonry-desc bm_content\">\n\t\t\t\t\tOlha onde foi parar o dinheiro que destinei para o CAECA! Nofinal do ano de 2022<a href=\"https:\/\/davidmartinsoficial.com.br\/index.php\/2024\/01\/06\/destinei-r-63\/\" rel=\"bookmark\" class=\"bm-read-more entry-read-more\">Ler mais \u00bb<\/a>\t\t\t\t\t<\/div>\n\t\t\t\t\t<div class=\"bm-masonry-meta bm_meta\">\n\t\t\t\t\t<span class=\"byauthor\"><i class=\"fa fa-user\" aria-hidden=\"true\"><\/i><span class=\"screen-reader-text\">Posted by<\/span><span class=\"author vcard\"><a class=\"url fn n\" href=\"https:\/\/davidmartinsoficial.com.br\/index.php\/author\/davidmartinsoficial\/\">davidmartinsoficial<\/a><\/span><\/span><span class=\"comments-link\"><i class=\"fa fa-comments\" aria-hidden=\"true\"><\/i>0<\/span>\t\t\t\t\t<\/div>\n\t\t\t\t<\/div>\n\t\t\t\t\t\t<\/div>\n\t\t\t\t<div class=\"bm-masonry-item bm_content_box\">\n\t\t\t\t<div class=\"bm-post-image clearfix bm-hover-effect\">\n\t\t\t\t<img loading=\"lazy\" decoding=\"async\" width=\"800\" height=\"449\" src=\"https:\/\/davidmartinsoficial.com.br\/wp-content\/uploads\/2023\/11\/IMG_8664-1024x575.jpg\" class=\"attachment-large size-large wp-post-image\" alt=\"\" srcset=\"https:\/\/davidmartinsoficial.com.br\/wp-content\/uploads\/2023\/11\/IMG_8664-1024x575.jpg 1024w, https:\/\/davidmartinsoficial.com.br\/wp-content\/uploads\/2023\/11\/IMG_8664-300x169.jpg 300w, https:\/\/davidmartinsoficial.com.br\/wp-content\/uploads\/2023\/11\/IMG_8664-768x431.jpg 768w, https:\/\/davidmartinsoficial.com.br\/wp-content\/uploads\/2023\/11\/IMG_8664-1536x863.jpg 1536w, https:\/\/davidmartinsoficial.com.br\/wp-content\/uploads\/2023\/11\/IMG_8664-2048x1150.jpg 2048w\" sizes=\"(max-width: 800px) 100vw, 800px\" \/>\t\t\t\t<\/div>\n\t\t\t\t\t\t\t\t<div class=\"bm-masonry-wrapper\">\n\t\t\t\t\t<div class=\"bm-masonry-title\">\n\t\t\t\t\t<h4 class=\"bm_title\"><a href=\"https:\/\/davidmartinsoficial.com.br\/index.php\/2023\/11\/27\/frente-parlamentar-da-metade-sul-em-defesa-da-causa-autista-foi-criada\/\" rel=\"bookmark\">Frente Parlamentar da Metade Sul em Defesa da Causa AUTISTA, foi criada!<\/a><\/h4>\t\t\t\t\t<\/div>\n\t\t\t\t\t<div class=\"bm-masonry-desc bm_content\">\n\t\t\t\t\tAssista minha contribui\u00e7\u00e3o COMPLETA na Audi\u00eancia P\u00fablica em alus\u00e3o ao Dia Mundial de Conscientiza\u00e7\u00e3o do Autismo,<a href=\"https:\/\/davidmartinsoficial.com.br\/index.php\/2023\/11\/27\/frente-parlamentar-da-metade-sul-em-defesa-da-causa-autista-foi-criada\/\" rel=\"bookmark\" class=\"bm-read-more entry-read-more\">Ler mais \u00bb<\/a>\t\t\t\t\t<\/div>\n\t\t\t\t\t<div class=\"bm-masonry-meta bm_meta\">\n\t\t\t\t\t<span class=\"byauthor\"><i class=\"fa fa-user\" aria-hidden=\"true\"><\/i><span class=\"screen-reader-text\">Posted by<\/span><span class=\"author vcard\"><a class=\"url fn n\" href=\"https:\/\/davidmartinsoficial.com.br\/index.php\/author\/davidmartinsoficial\/\">davidmartinsoficial<\/a><\/span><\/span><span class=\"comments-link\"><i class=\"fa fa-comments\" aria-hidden=\"true\"><\/i>0<\/span>\t\t\t\t\t<\/div>\n\t\t\t\t<\/div>\n\t\t\t\t\t\t<\/div>\n\t\t\t\t<div class=\"bm-masonry-item bm_content_box\">\n\t\t\t\t<div class=\"bm-post-image clearfix bm-hover-effect\">\n\t\t\t\t<img loading=\"lazy\" decoding=\"async\" width=\"512\" height=\"384\" src=\"https:\/\/davidmartinsoficial.com.br\/wp-content\/uploads\/2023\/11\/mpl.jpg\" class=\"attachment-large size-large wp-post-image\" alt=\"\" srcset=\"https:\/\/davidmartinsoficial.com.br\/wp-content\/uploads\/2023\/11\/mpl.jpg 512w, https:\/\/davidmartinsoficial.com.br\/wp-content\/uploads\/2023\/11\/mpl-300x225.jpg 300w\" sizes=\"(max-width: 512px) 100vw, 512px\" \/>\t\t\t\t<\/div>\n\t\t\t\t\t\t\t\t<div class=\"bm-masonry-wrapper\">\n\t\t\t\t\t<div class=\"bm-masonry-title\">\n\t\t\t\t\t<h4 class=\"bm_title\"><a href=\"https:\/\/davidmartinsoficial.com.br\/index.php\/2023\/11\/23\/mutirao-passe-livre-estudantil-a-todo-vapor\/\" rel=\"bookmark\">Mutir\u00e3o Passe Livre Estudantil a todo Vapor!<\/a><\/h4>\t\t\t\t\t<\/div>\n\t\t\t\t\t<div class=\"bm-masonry-desc bm_content\">\n\t\t\t\t\tNa ocasi\u00e3o, mais de 60 estudantes foram atendidos no mutir\u00e3o realizado no dia 21 de mar\u00e7o<a href=\"https:\/\/davidmartinsoficial.com.br\/index.php\/2023\/11\/23\/mutirao-passe-livre-estudantil-a-todo-vapor\/\" rel=\"bookmark\" class=\"bm-read-more entry-read-more\">Ler mais \u00bb<\/a>\t\t\t\t\t<\/div>\n\t\t\t\t\t<div class=\"bm-masonry-meta bm_meta\">\n\t\t\t\t\t<span class=\"byauthor\"><i class=\"fa fa-user\" aria-hidden=\"true\"><\/i><span class=\"screen-reader-text\">Posted by<\/span><span class=\"author vcard\"><a class=\"url fn n\" href=\"https:\/\/davidmartinsoficial.com.br\/index.php\/author\/davidmartinsoficial\/\">davidmartinsoficial<\/a><\/span><\/span><span class=\"comments-link\"><i class=\"fa fa-comments\" aria-hidden=\"true\"><\/i>0<\/span>\t\t\t\t\t<\/div>\n\t\t\t\t<\/div>\n\t\t\t\t\t\t<\/div>\n\t\t\t\t<div class=\"bm-masonry-item bm_content_box\">\n\t\t\t\t<div class=\"bm-post-image clearfix bm-hover-effect\">\n\t\t\t\t<img loading=\"lazy\" decoding=\"async\" width=\"512\" height=\"383\" src=\"https:\/\/davidmartinsoficial.com.br\/wp-content\/uploads\/2023\/11\/Caminhao-Prancha2.jpg\" class=\"attachment-large size-large wp-post-image\" alt=\"\" srcset=\"https:\/\/davidmartinsoficial.com.br\/wp-content\/uploads\/2023\/11\/Caminhao-Prancha2.jpg 512w, https:\/\/davidmartinsoficial.com.br\/wp-content\/uploads\/2023\/11\/Caminhao-Prancha2-300x224.jpg 300w\" sizes=\"(max-width: 512px) 100vw, 512px\" \/>\t\t\t\t<\/div>\n\t\t\t\t\t\t\t\t<div class=\"bm-masonry-wrapper\">\n\t\t\t\t\t<div class=\"bm-masonry-title\">\n\t\t\t\t\t<h4 class=\"bm_title\"><a href=\"https:\/\/davidmartinsoficial.com.br\/index.php\/2023\/11\/13\/caminhao-prancha-para-atender-a-zona-rural\/\" rel=\"bookmark\">Caminh\u00e3o Prancha para atender a zona rural<\/a><\/h4>\t\t\t\t\t<\/div>\n\t\t\t\t\t<div class=\"bm-masonry-desc bm_content\">\n\t\t\t\t\tChegou o Caminh\u00e3o Prancha no dia 23 de mar\u00e7o de 2022, no valor de R$436 mil.<a href=\"https:\/\/davidmartinsoficial.com.br\/index.php\/2023\/11\/13\/caminhao-prancha-para-atender-a-zona-rural\/\" rel=\"bookmark\" class=\"bm-read-more entry-read-more\">Ler mais \u00bb<\/a>\t\t\t\t\t<\/div>\n\t\t\t\t\t<div class=\"bm-masonry-meta bm_meta\">\n\t\t\t\t\t<span class=\"byauthor\"><i class=\"fa fa-user\" aria-hidden=\"true\"><\/i><span class=\"screen-reader-text\">Posted by<\/span><span class=\"author vcard\"><a class=\"url fn n\" href=\"https:\/\/davidmartinsoficial.com.br\/index.php\/author\/davidmartinsoficial\/\">davidmartinsoficial<\/a><\/span><\/span><span class=\"comments-link\"><i class=\"fa fa-comments\" aria-hidden=\"true\"><\/i>0<\/span>\t\t\t\t\t<\/div>\n\t\t\t\t<\/div>\n\t\t\t\t\t\t<\/div>\n\t\t\t\t<div class=\"bm-masonry-item bm_content_box\">\n\t\t\t\t<div class=\"bm-post-image clearfix bm-hover-effect\">\n\t\t\t\t<img loading=\"lazy\" decoding=\"async\" width=\"800\" height=\"450\" src=\"https:\/\/davidmartinsoficial.com.br\/wp-content\/uploads\/2023\/11\/corsan.jpg\" class=\"attachment-large size-large wp-post-image\" alt=\"\" srcset=\"https:\/\/davidmartinsoficial.com.br\/wp-content\/uploads\/2023\/11\/corsan.jpg 1024w, https:\/\/davidmartinsoficial.com.br\/wp-content\/uploads\/2023\/11\/corsan-300x169.jpg 300w, https:\/\/davidmartinsoficial.com.br\/wp-content\/uploads\/2023\/11\/corsan-768x432.jpg 768w\" sizes=\"(max-width: 800px) 100vw, 800px\" \/>\t\t\t\t<\/div>\n\t\t\t\t\t\t\t\t<div class=\"bm-masonry-wrapper\">\n\t\t\t\t\t<div class=\"bm-masonry-title\">\n\t\t\t\t\t<h4 class=\"bm_title\"><a href=\"https:\/\/davidmartinsoficial.com.br\/index.php\/2023\/11\/10\/acessibilidade-do-predio-da-corsan-de-capao-do-leao\/\" rel=\"bookmark\">Acessibilidade do pr\u00e9dio da CORSAN de Cap\u00e3o do Le\u00e3o<\/a><\/h4>\t\t\t\t\t<\/div>\n\t\t\t\t\t<div class=\"bm-masonry-desc bm_content\">\n\t\t\t\t\tPara quem n\u00e3o precisa, talvez este v\u00eddeo seja insignificante, mas para as pessoas com defici\u00eancia ou<a href=\"https:\/\/davidmartinsoficial.com.br\/index.php\/2023\/11\/10\/acessibilidade-do-predio-da-corsan-de-capao-do-leao\/\" rel=\"bookmark\" class=\"bm-read-more entry-read-more\">Ler mais \u00bb<\/a>\t\t\t\t\t<\/div>\n\t\t\t\t\t<div class=\"bm-masonry-meta bm_meta\">\n\t\t\t\t\t<span class=\"byauthor\"><i class=\"fa fa-user\" aria-hidden=\"true\"><\/i><span class=\"screen-reader-text\">Posted by<\/span><span class=\"author vcard\"><a class=\"url fn n\" href=\"https:\/\/davidmartinsoficial.com.br\/index.php\/author\/davidmartinsoficial\/\">davidmartinsoficial<\/a><\/span><\/span><span class=\"comments-link\"><i class=\"fa fa-comments\" aria-hidden=\"true\"><\/i>0<\/span>\t\t\t\t\t<\/div>\n\t\t\t\t<\/div>\n\t\t\t\t\t\t<\/div>\n\t\t\t\t<div class=\"bm-masonry-item bm_content_box\">\n\t\t\t\t<div class=\"bm-post-image clearfix bm-hover-effect\">\n\t\t\t\t<img loading=\"lazy\" decoding=\"async\" width=\"510\" height=\"399\" src=\"https:\/\/davidmartinsoficial.com.br\/wp-content\/uploads\/2023\/11\/proc-mulher-e1704520114328.jpg\" class=\"attachment-large size-large wp-post-image\" alt=\"\" srcset=\"https:\/\/davidmartinsoficial.com.br\/wp-content\/uploads\/2023\/11\/proc-mulher-e1704520114328.jpg 510w, https:\/\/davidmartinsoficial.com.br\/wp-content\/uploads\/2023\/11\/proc-mulher-e1704520114328-300x235.jpg 300w\" sizes=\"(max-width: 510px) 100vw, 510px\" \/>\t\t\t\t<\/div>\n\t\t\t\t\t\t\t\t<div class=\"bm-masonry-wrapper\">\n\t\t\t\t\t<div class=\"bm-masonry-title\">\n\t\t\t\t\t<h4 class=\"bm_title\"><a href=\"https:\/\/davidmartinsoficial.com.br\/index.php\/2023\/11\/09\/procuradoria-especial-da-mulher-no-ambito-da-camara-municipal-de\/\" rel=\"bookmark\">Procuradoria Especial da Mulher no \u00c2mbito da C\u00e2mara Municipal de<\/a><\/h4>\t\t\t\t\t<\/div>\n\t\t\t\t\t<div class=\"bm-masonry-desc bm_content\">\n\t\t\t\t\tA Cria\u00e7\u00e3o da Procuradoria da Mulher no \u00e2mbito da C\u00e2mara Municipal de Cap\u00e3o do Le\u00e3o, foi<a href=\"https:\/\/davidmartinsoficial.com.br\/index.php\/2023\/11\/09\/procuradoria-especial-da-mulher-no-ambito-da-camara-municipal-de\/\" rel=\"bookmark\" class=\"bm-read-more entry-read-more\">Ler mais \u00bb<\/a>\t\t\t\t\t<\/div>\n\t\t\t\t\t<div class=\"bm-masonry-meta bm_meta\">\n\t\t\t\t\t<span class=\"byauthor\"><i class=\"fa fa-user\" aria-hidden=\"true\"><\/i><span class=\"screen-reader-text\">Posted by<\/span><span class=\"author vcard\"><a class=\"url fn n\" href=\"https:\/\/davidmartinsoficial.com.br\/index.php\/author\/davidmartinsoficial\/\">davidmartinsoficial<\/a><\/span><\/span><span class=\"comments-link\"><i class=\"fa fa-comments\" aria-hidden=\"true\"><\/i>0<\/span>\t\t\t\t\t<\/div>\n\t\t\t\t<\/div>\n\t\t\t\t\t\t<\/div>\n\t\t<\/div>\n<\/div>\t\t<\/div>\n\t\t\t\t<\/div>\n\t\t\t\t\t<\/div>\n\t\t<\/div>\n\t\t\t\t\t\t\t<\/div>\n\t\t<\/section>\n\t\t\t\t\t\t\t<\/div>\n\t\t","protected":false},"excerpt":{"rendered":"<p>Blog Frente Parlamentar da Metade Sul em Defesa da Causa AUTISTA, foi criada! Assista minha contribui\u00e7\u00e3o COMPLETA na Audi\u00eancia P\u00fablica em alus\u00e3o ao Dia Mundial de Conscientiza\u00e7\u00e3o do Autismo,Ler mais \u00bb Posted bydavidmartinsoficial0 Mutir\u00e3o Passe Livre Estudantil a todo Vapor! Na ocasi\u00e3o, mais de 60 estudantes foram atendidos no mutir\u00e3o realizado no dia 21 de [&hellip;]<\/p>\n","protected":false},"author":1,"featured_media":0,"parent":0,"menu_order":0,"comment_status":"closed","ping_status":"closed","template":"","meta":{"footnotes":""},"_links":{"self":[{"href":"https:\/\/davidmartinsoficial.com.br\/index.php\/wp-json\/wp\/v2\/pages\/581"}],"collection":[{"href":"https:\/\/davidmartinsoficial.com.br\/index.php\/wp-json\/wp\/v2\/pages"}],"about":[{"href":"https:\/\/davidmartinsoficial.com.br\/index.php\/wp-json\/wp\/v2\/types\/page"}],"author":[{"embeddable":true,"href":"https:\/\/davidmartinsoficial.com.br\/index.php\/wp-json\/wp\/v2\/users\/1"}],"replies":[{"embeddable":true,"href":"https:\/\/davidmartinsoficial.com.br\/index.php\/wp-json\/wp\/v2\/comments?post=581"}],"version-history":[{"count":10,"href":"https:\/\/davidmartinsoficial.com.br\/index.php\/wp-json\/wp\/v2\/pages\/581\/revisions"}],"predecessor-version":[{"id":649,"href":"https:\/\/davidmartinsoficial.com.br\/index.php\/wp-json\/wp\/v2\/pages\/581\/revisions\/649"}],"wp:attachment":[{"href":"https:\/\/davidmartinsoficial.com.br\/index.php\/wp-json\/wp\/v2\/media?parent=581"}],"curies":[{"name":"wp","href":"https:\/\/api.w.org\/{rel}","templated":true}]}}